{"id":1831,"date":"2016-02-01T17:22:42","date_gmt":"2016-02-01T17:22:42","guid":{"rendered":"https:\/\/www.photoalquimia.com\/blog\/politica-de-cookies\/"},"modified":"2021-11-18T13:59:38","modified_gmt":"2021-11-18T13:59:38","slug":"politica-de-cookies","status":"publish","type":"page","link":"https:\/\/www.photoalquimia.com\/blog\/politica-de-cookies\/","title":{"rendered":"Pol\u00edtica de Cookies"},"content":{"rendered":"<p class=\"p1\"><b><i>POLITICA DE COOKIES<\/i><\/b><\/p>\n<p class=\"p1\"><i>Cookie es un fichero que se descarga en su ordenador al acceder a determinadas p\u00e1ginas web. Las cookies permiten a una p\u00e1gina web, entre otras cosas, almacenar y recuperar informaci\u00f3n sobre los h\u00e1bitos de navegaci\u00f3n de un usuario o de su equipo y, dependiendo de la informaci\u00f3n que contengan y de la forma en que utilice su equipo, pueden utilizarse para reconocer al usuario.. El navegador del usuario memoriza cookies en el disco duro solamente durante la sesi\u00f3n actual ocupando un espacio de memoria m\u00ednimo y no perjudicando al ordenador. Las cookies no contienen ninguna clase de informaci\u00f3n personal espec\u00edfica, y la mayor\u00eda de las mismas se borran del disco duro al finalizar la sesi\u00f3n de navegador (las denominadas cookies de sesi\u00f3n).<\/i><\/p>\n<p class=\"p1\"><i>La mayor\u00eda de los navegadores aceptan como est\u00e1ndar a las cookies y, con independencia de las mismas, permiten o impiden en los ajustes de seguridad las cookies temporales o memorizadas.<\/i><\/p>\n<p class=\"p1\"><i>Sin su expreso consentimiento \u2013mediante la activaci\u00f3n de las cookies en su navegador\u2013 photoAlquimia no enlazar\u00e1 en las cookies los datos memorizados con sus datos personales proporcionados en el momento del registro o la compra..<\/i><\/p>\n<p class=\"p1\"><b><i>\u00bfQu\u00e9 tipos de cookies utiliza esta p\u00e1gina web?<\/i><\/b><\/p>\n<p class=\"p1\"><i>&#8211; Cookies t\u00e9cnicas: Son aqu\u00e9llas que permiten al usuario la navegaci\u00f3n a trav\u00e9s de una p\u00e1gina web, plataforma o aplicaci\u00f3n y la utilizaci\u00f3n de las diferentes opciones o servicios que en ella existan como, por ejemplo, controlar el tr\u00e1fico y la comunicaci\u00f3n de datos, identificar la sesi\u00f3n, acceder a partes de acceso restringido, recordar los elementos que integran un pedido, realizar el proceso de compra de un pedido, realizar la solicitud de inscripci\u00f3n o participaci\u00f3n en un evento, utilizar elementos de seguridad durante la navegaci\u00f3n, almacenar contenidos para la difusi\u00f3n de videos o sonido o compartir contenidos a trav\u00e9s de redes sociales.<\/i><\/p>\n<p class=\"p1\"><i>&#8211; Cookies de personalizaci\u00f3n: Son aqu\u00e9llas que permiten al usuario acceder al servicio con algunas caracter\u00edsticas de car\u00e1cter general predefinidas en funci\u00f3n de una serie de criterios en el terminal del usuario como por ejemplo serian el idioma, el tipo de navegador a trav\u00e9s del cual accede al servicio, la configuraci\u00f3n regional desde donde accede al servicio, etc.<\/i><\/p>\n<p class=\"p1\"><i>&#8211; Cookies de an\u00e1lisis: Son aqu\u00e9llas que bien tratadas por nosotros o por terceros, nos permiten cuantificar el n\u00famero de usuarios y as\u00ed realizar la medici\u00f3n y an\u00e1lisis estad\u00edstico de la utilizaci\u00f3n que hacen los usuarios del servicio ofertado. Para ello se analiza su navegaci\u00f3n en nuestra p\u00e1gina web con el fin de mejorar la oferta de productos o servicios que le ofrecemos.<\/i><\/p>\n<p class=\"p1\"><i>&#8211; Cookies de terceros: La Web de photoAlquimia puede utilizar?&nbsp;servicios de terceros que, por cuenta de photoAlquimia, recopilaran informaci\u00f3n con fines estad\u00edsticos, de uso del Site por parte del usuario y para la prestacion de otros servicios relacionados con la actividad del Website y otros servicios de Internet.<\/i><\/p>\n<p class=\"p2\"><i>Las cookies de terceros utilizadas en este sitio web tienen una vigencia temporal limitada y en ning\u00fan caso se usan para recoger informaci\u00f3n de car\u00e1cter personal. Estas cookies tienen su origen en el uso que hace esta web de los servicios\/componentes de Google Analytics, Google Maps, Twitter y YouTube.<\/i><\/p>\n<ul class=\"ul1\">\n<li class=\"li3\"><i><\/i><a href=\"https:\/\/www.google.com\/analytics\/learn\/privacy.html?hl=es\"><span class=\"s1\"><i>Pol\u00edtica de privacidad de Google Analytics<\/i><\/span><\/a><\/li>\n<li class=\"li3\"><i><\/i><a href=\"https:\/\/support.twitter.com\/articles\/20170521-el-uso-que-hace-twitter-de-cookies-y-tecnologias-similares\"><span class=\"s1\"><i>Pol\u00edtica de privacidad de Twitter<\/i><\/span><\/a><\/li>\n<li class=\"li3\"><i><\/i><a href=\"https:\/\/www.google.com\/intl\/es_es\/policies\/technologies\/cookies\/\"><span class=\"s1\"><i>Pol\u00edtica de privacidad de Google<\/i><\/span><\/a><\/li>\n<li class=\"li3\"><i><\/i><a href=\"https:\/\/www.google.com\/intl\/es_es\/policies\/technologies\/cookies\/\"><span class=\"s1\"><i>Pol\u00edtica de privacidad de Youtube<\/i><\/span><\/a><\/li>\n<li class=\"li4\"><a href=\"https:\/\/vimeo.com\/cookie_policy\">https:\/\/vimeo.com\/cookie_policy<\/a><\/li>\n<li class=\"li4\"><a href=\"https:\/\/about.pinterest.com\/es\/cookie-policy\">https:\/\/about.pinterest.com\/es\/cookie-policy<\/a><\/li>\n<\/ul>\n<p class=\"p1\"><i>En particular, este sitio Web utiliza Google Analytics, un servicio anal\u00edtico de web prestado por Google, Inc. con domicilio en los Estados Unidos con sede central en 1600 Amphitheatre Parkway, Mountain View, California 94043.?&nbsp; Para la prestaci\u00f3n de estos servicios, estos?&nbsp;utilizan cookies que recopilan la informaci\u00f3n, incluida la direcci\u00f3n IP del usuario, que ser\u00e1?&nbsp;transmitida, tratada y almacenada por?&nbsp;Google?&nbsp;en los t\u00e9rminos fijados en la Web Google.com. Incluyendo la posible?&nbsp;transmisi\u00f3n de dicha informaci\u00f3n a terceros por razones de exigencia legal o cuando dichos terceros?&nbsp;procesen la informaci\u00f3n por cuenta de Google.<\/i><\/p>\n<p class=\"p1\"><span class=\"s1\"><b><i>El Usuario acepta expresamente, por la utilizaci\u00f3n de este Site,?&nbsp;el tratamiento de la informaci\u00f3n?&nbsp;recabada en la forma y con los fines anteriormente mencionados.<\/i><\/b><\/span><i> Y asimismo reconoce conocer la posibilidad de rechazar el tratamiento de?&nbsp;tales datos o informaci\u00f3n?&nbsp;rechazando el uso de Cookies mediante la selecci\u00f3n de la configuraci\u00f3n apropiada a tal fin en su navegador.<span class=\"Apple-converted-space\">?&nbsp; <\/span>Si bien esta opci\u00f3n de bloqueo de Cookies en su navegador puede no permitirle el uso pleno de todas las funcionalidades del Website.<\/i><\/p>\n<p class=\"p1\"><i>Puede usted permitir, bloquear o eliminar las cookies instaladas en su equipo mediante la configuraci\u00f3n de las opciones del navegador instalado en su ordenador:<\/i><\/p>\n<ul class=\"ul1\">\n<li class=\"li6\"><i><\/i><a href=\"http:\/\/support.google.com\/chrome\/bin\/answer.py?hl=es&amp;answer=95647\"><i>Chrome<\/i><\/a><\/li>\n<li class=\"li6\"><i><\/i><a href=\"http:\/\/windows.microsoft.com\/es-es\/windows7\/how-to-manage-cookies-in-internet-explorer-9\"><i>Explorer<\/i><\/a><\/li>\n<li class=\"li6\"><i><\/i><a href=\"http:\/\/support.mozilla.org\/es\/kb\/habilitar-y-deshabilitar-cookies-que-los-sitios-we\"><i>Firefox<\/i><\/a><\/li>\n<li class=\"li6\"><i><\/i><a href=\"http:\/\/support.apple.com\/kb\/ph5042\"><i>Safari<\/i><\/a><\/li>\n<\/ul>\n<p class=\"p1\"><i>Si tiene dudas sobre esta pol\u00edtica de cookies, puede contactar con photoAlquimia en info@photoAlquimia.com<\/i><\/p>\n<p class=\"p8\"><span class=\"s2\"><i>Para m\u00e1s informaci\u00f3n a este respecto puede consultar la<\/i><\/span><i> legislaci\u00f3n y la gu\u00eda realizada por la Agencia Espa\u00f1ola de Protecci\u00f3n de Datos sobre esta materia<\/i><\/p>\n<p class=\"p8\"><b>Legislaci\u00f3n<\/b><\/p>\n<p class=\"p9\"><span class=\"s1\"><a href=\"https:\/\/www.agpd.es\/portalwebAGPD\/canaldocumentacion\/legislacion\/normativa_estatal\/common\/pdfs\/Ley_34_2002.pdf\"><i>Ley 34\/2002, de 11 de julio, de servicios de la sociedad de la informaci\u00f3n y de comercio electr\u00f3nico (LSSI). Texto consolidado a fecha 10 de mayo de 2014.<\/i><i><\/i><\/a><\/span><\/p>\n<p class=\"p10\"><i>?&nbsp;Art\u00edculos: 2 en relaci\u00f3n con la definici\u00f3n del Anexo a), 22.2, 37, 38.4 g), 38.3 i).<\/i><\/p>\n<p class=\"p10\"><b>Gu\u00edas y publicaciones<\/b><\/p>\n<p class=\"p11\"><span class=\"s1\"><a href=\"http:\/\/www.agpd.es\/portalwebAGPD\/canaldocumentacion\/publicaciones\/common\/Guias\/Guia_Cookies.pdf\"><i>Gu\u00eda sobre el uso de las cookies de la Agencia Espa\u00f1ola de Protecci\u00f3n de Datos<\/i><i><\/i><\/a><\/span><\/p>\n","protected":false},"excerpt":{"rendered":"<p>POLITICA DE COOKIES Cookie es un fichero que se descarga en su ordenador al acceder a determinadas p\u00e1ginas web. Las cookies permiten a una p\u00e1gina web, entre otras cosas, almacenar y recuperar informaci\u00f3n sobre los h\u00e1bitos de navegaci\u00f3n de un&#8230; <a href=\"https:\/\/www.photoalquimia.com\/blog\/politica-de-cookies\/\" class=\"read-more\">Read More<\/a><\/p>\n","protected":false},"author":1,"featured_media":0,"parent":0,"menu_order":0,"comment_status":"closed","ping_status":"closed","template":"","meta":{"_monsterinsights_skip_tracking":false,"_monsterinsights_sitenote_active":false,"_monsterinsights_sitenote_note":"","_monsterinsights_sitenote_category":0,"footnotes":"","_links_to":"","_links_to_target":""},"class_list":["post-1831","page","type-page","status-publish","hentry"],"_links":{"self":[{"href":"https:\/\/www.photoalquimia.com\/blog\/wp-json\/wp\/v2\/pages\/1831","targetHints":{"allow":["GET"]}}],"collection":[{"href":"https:\/\/www.photoalquimia.com\/blog\/wp-json\/wp\/v2\/pages"}],"about":[{"href":"https:\/\/www.photoalquimia.com\/blog\/wp-json\/wp\/v2\/types\/page"}],"author":[{"embeddable":true,"href":"https:\/\/www.photoalquimia.com\/blog\/wp-json\/wp\/v2\/users\/1"}],"replies":[{"embeddable":true,"href":"https:\/\/www.photoalquimia.com\/blog\/wp-json\/wp\/v2\/comments?post=1831"}],"version-history":[{"count":0,"href":"https:\/\/www.photoalquimia.com\/blog\/wp-json\/wp\/v2\/pages\/1831\/revisions"}],"wp:attachment":[{"href":"https:\/\/www.photoalquimia.com\/blog\/wp-json\/wp\/v2\/media?parent=1831"}],"curies":[{"name":"wp","href":"https:\/\/api.w.org\/{rel}","templated":true}]}}